{"id":1037,"date":"2024-01-31T22:36:54","date_gmt":"2024-01-31T22:36:54","guid":{"rendered":"https:\/\/mpack-solutions.com\/?page_id=1037"},"modified":"2025-08-24T21:49:38","modified_gmt":"2025-08-24T21:49:38","slug":"contactanos","status":"publish","type":"page","link":"https:\/\/mpack-solutions.com\/en\/contactanos\/","title":{"rendered":"Cont\u00e1ctanos"},"content":{"rendered":"<div class=\"wpb-content-wrapper\">\t\t<div data-elementor-type=\"wp-page\" data-elementor-id=\"1037\" class=\"elementor elementor-1037\">\n\t\t\t\t\t\t<section class=\"elementor-section elementor-top-section elementor-element elementor-element-1bb55d14 elementor-section-boxed elementor-section-height-default elementor-section-height-default\" data-id=\"1bb55d14\" data-element_type=\"section\" data-e-type=\"section\">\n\t\t\t\t\t\t<div class=\"elementor-container elementor-column-gap-default\">\n\t\t\t\t\t<div class=\"elementor-column elementor-col-100 elementor-top-column elementor-element elementor-element-20298162\" data-id=\"20298162\" data-element_type=\"column\" data-e-type=\"column\">\n\t\t\t<div class=\"elementor-widget-wrap elementor-element-populated\">\n\t\t\t\t\t\t<div class=\"elementor-element elementor-element-4582a709 elementor-widget elementor-widget-text-editor\" data-id=\"4582a709\" data-element_type=\"widget\" data-e-type=\"widget\" data-widget_type=\"text-editor.default\">\n\t\t\t\t<div class=\"elementor-widget-container\">\n\t\t\t\t\t\t\t\t\t<p style=\"text-align: center;\">\u00a1Cont\u00e1ctanos! Estamos a la orden.<\/p>\n<section id=\"tm-section-69f2975f74098\" class=\"vc_section\"><div id=\"tm-row-69f2975f74448\" class=\"vc_row vc_row-outer vc_row-fluid\"><div id=\"tm-column-69f2975f747e5\" class=\"wpb_column vc_column_container vc_col-sm-4\"><div class=\"vc_column-inner\"><div class=\"wpb_wrapper\">\n\t<div class=\"wpb_text_column wpb_content_element vc_custom_1706741469566\" >\n\t\t<div class=\"wpb_wrapper\">\n\t\t\t<h4 style=\"text-align: center;\">Env\u00edanos un mail<\/h4>\n\n\t\t<\/div>\n\t<\/div>\n<div class=\"tm-box-icon  style-5 tm-animation move-up\" id=\"tm-box-icon-69f2975f764ab\">\n\t\t<div class=\"content-wrap\">\n\n\t\t\t<div class=\"icon-image-wrap\">\n\t\t\t\n\t\t\t\t\t\t\t\t\t\t\t\t<div class=\"icon\">\n\t\t\t\t\t\t<span class=\"fas fa-envelope\"><\/span>\n\t\t\t\t\t<\/div>\n\t\t\t\t\t\t\t\t\t\t<\/div>\n\t\n\t<div class=\"content\">\n\t\t<div class=\"box-header\">\n\t\t\t\t\t<\/div>\n\n\t\t\t<\/div>\n\n\t\t\t\t<a class=\"tm-button style-text tm-box-icon__btn\"\n\t\t\t   href=\"http:\/\/mailto\"\n\t\t\t\t\t\t\t\t\ttarget=\"_blank\"\n\t\t\t\t\t\t\t>\n\t\t\t\t<span class=\"button-text\">Click aqu\u00ed<\/span>\n\t\t\t<\/a>\n\t\t<\/div>\n<\/div>\n<\/div><\/div><\/div><div id=\"tm-column-69f2975f78685\" class=\"wpb_column vc_column_container vc_col-sm-4\"><div class=\"vc_column-inner\"><div class=\"wpb_wrapper\">\n\t<div class=\"wpb_text_column wpb_content_element vc_custom_1706741512092\" >\n\t\t<div class=\"wpb_wrapper\">\n\t\t\t<div>\u00a0<\/div>\n<h4 style=\"text-align: center;\"><a href=\"https:\/\/mpack-solutions.com\/en\/contactanos\/\">Ll\u00e1manos<\/a><\/h4>\n\n\t\t<\/div>\n\t<\/div>\n<div class=\"tm-box-icon  style-5 tm-animation move-up\" id=\"tm-box-icon-69f2975f78965\">\n\t\t<div class=\"content-wrap\">\n\n\t\t\t<div class=\"icon-image-wrap\">\n\t\t\t\n\t\t\t\t\t\t\t\t\t\t\t\t<div class=\"icon\">\n\t\t\t\t\t\t<span class=\"fas fa-phone-volume\"><\/span>\n\t\t\t\t\t<\/div>\n\t\t\t\t\t\t\t\t\t\t<\/div>\n\t\n\t<div class=\"content\">\n\t\t<div class=\"box-header\">\n\t\t\t\t\t<\/div>\n\n\t\t\t<\/div>\n\n\t\t\t\t<a class=\"tm-button style-text tm-box-icon__btn\"\n\t\t\t   href=\"tel:\/\/4461439458\"\n\t\t\t\t\t\t\t>\n\t\t\t\t<span class=\"button-text\">Click aqu\u00ed<\/span>\n\t\t\t<\/a>\n\t\t<\/div>\n<\/div>\n<\/div><\/div><\/div><div id=\"tm-column-69f2975f79262\" class=\"wpb_column vc_column_container vc_col-sm-4\"><div class=\"vc_column-inner\"><div class=\"wpb_wrapper\">\n\t<div class=\"wpb_text_column wpb_content_element vc_custom_1706741549301\" >\n\t\t<div class=\"wpb_wrapper\">\n\t\t\t<h4 style=\"text-align: center;\">Env\u00edanos un <a href=\"http:\/\/https%3A%2F%2Fapi.whatsapp.com%2Fsend%2F%3Fphone%3D5214461690682%26text%3DHola%2B%252AMPACK%2BSOLUTIONS%252A.%2BNecesito%2Bm%C3%A1s%2Binformaci%C3%B3n%2Bsobre%2BMPACK%2BSOLUTIONS%2Bhttps%253A%252F%252Fmpack-solutions.com%26type%3Dphone_number%26app_absent%3D0\">WhatsApp<\/a><\/h4>\n\n\t\t<\/div>\n\t<\/div>\n<div class=\"tm-box-icon  style-5 tm-animation move-up\" id=\"tm-box-icon-69f2975f79511\">\n\t\t<div class=\"content-wrap\">\n\n\t\t\t<div class=\"icon-image-wrap\">\n\t\t\t\n\t\t\t\t\t\t\t\t\t\t\t\t<div class=\"icon\">\n\t\t\t\t\t\t<span class=\"fab fa-whatsapp\"><\/span>\n\t\t\t\t\t<\/div>\n\t\t\t\t\t\t\t\t\t\t<\/div>\n\t\n\t<div class=\"content\">\n\t\t<div class=\"box-header\">\n\t\t\t\t\t<\/div>\n\n\t\t\t<\/div>\n\n\t\t\t\t<a class=\"tm-button style-text tm-box-icon__btn\"\n\t\t\t   href=\"https:\/\/api.whatsapp.com\/send\/?phone=5214424888968&#038;text=Hola+%2AMPACK+SOLUTIONS%2A.+Necesito+m\u00e1s+informaci\u00f3n+sobre+MPACK+SOLUTIONS+https%3A%2F%2Fmpack-solutions.com&#038;type=phone_number&#038;app_absent=0\"\n\t\t\t\t\t\t\t\t\ttarget=\"_blank\"\n\t\t\t\t\t\t\t>\n\t\t\t\t<span class=\"button-text\">Click aqu\u00ed<\/span>\n\t\t\t<\/a>\n\t\t<\/div>\n<\/div>\n<\/div><\/div><\/div><\/div><\/section>\n<p>En MPACK SOLUTIONS, estamos comprometidos a brindarte el mejor servicio y las soluciones de embalaje de calidad que su negocio necesita. Sabemos que elegir las tarimas de madera adecuadas es crucial para la eficiencia y seguridad de sus operaciones, y estamos aqu\u00ed para ayudarte en cada paso del proceso. Si tiene alguna pregunta sobre nuestras tarimas de madera, deseas obtener m\u00e1s informaci\u00f3n sobre nuestros productos y servicios, o necesitas asesoramiento personalizado, no dudes en ponerte en contacto con nosotros. Nuestro equipo de expertos est\u00e1 siempre disponible para asesorarte y garantizar que encuentres la soluci\u00f3n perfecta para sus necesidades de almacenamiento y transporte.<\/p>\n<p>Cont\u00e1ctanos a trav\u00e9s de Whatsapp, env\u00edanos un correo electr\u00f3nico o ll\u00e1manos directamente. Nos enorgullecemos de nuestra capacidad para ofrecer respuestas r\u00e1pidas y detalladas a todas sus consultas. Sabemos que cada empresa es \u00fanica, por lo que ofrecemos un enfoque personalizado para asegurarnos de que nuestras soluciones de tarimas de madera se adapten perfectamente a tus requerimientos espec\u00edficos.<\/p>\n<p>Adem\u00e1s, en MPACK SOLUTIONS, entendemos la importancia de la calidad y la sostenibilidad. Todas nuestras tarimas de madera est\u00e1n fabricadas con materiales de alta calidad y provienen de fuentes sostenibles, asegurando que no solo cumplan con los m\u00e1s altos est\u00e1ndares de durabilidad y resistencia, sino que tambi\u00e9n contribuyan a la protecci\u00f3n del medio ambiente. Si deseas discutir proyectos espec\u00edficos o necesita una cotizaci\u00f3n personalizada, no dudes en contactarnos. Estamos aqu\u00ed para trabajar contigo y proporcionar las soluciones de embalaje que tu negocio merece.<\/p>\n<p>En MPACK SOLUTIONS valoramos la comunicaci\u00f3n abierta y efectiva con nuestros clientes. Creemos que una buena relaci\u00f3n comienza con una conversaci\u00f3n, por lo que te invitamos a ponerte en contacto con nosotros hoy mismo. Esperamos poder servirte y ser tu proveedor de confianza para todas tus necesidades de tarimas de madera y embalaje de calidad. \u00a1Esperamos tener noticias tuyas pronto!<\/p>\t\t\t\t\t\t\t\t<\/div>\n\t\t\t\t<\/div>\n\t\t\t\t\t<\/div>\n\t\t<\/div>\n\t\t\t\t\t<\/div>\n\t\t<\/section>\n\t\t\t\t<\/div>\n\t\t<\/div>","protected":false},"excerpt":{"rendered":"<p>\u00a1Cont\u00e1ctanos! Estamos a la orden. En MPACK SOLUTIONS, estamos comprometidos a brindarte el mejor servicio y las soluciones de embalaje de calidad que su negocio necesita. Sabemos que elegir las tarimas de madera adecuadas es crucial para la eficiencia y seguridad de sus operaciones, y estamos aqu\u00ed para ayudarte en cada paso del proceso. Si tiene alguna pregunta sobre nuestras tarimas de madera, deseas obtener m\u00e1s informaci\u00f3n sobre nuestros productos y servicios, o necesitas asesoramiento personalizado, no dudes en ponerte en contacto con nosotros. Nuestro equipo de expertos est\u00e1 siempre disponible para asesorarte y garantizar que encuentres la soluci\u00f3n perfecta para sus necesidades de almacenamiento y transporte. Cont\u00e1ctanos a trav\u00e9s de Whatsapp, env\u00edanos un correo electr\u00f3nico o ll\u00e1manos directamente. Nos enorgullecemos de nuestra capacidad para ofrecer respuestas r\u00e1pidas y detalladas a todas sus consultas. Sabemos que cada empresa es \u00fanica, por lo que ofrecemos un enfoque personalizado para asegurarnos de que nuestras soluciones de tarimas de madera se adapten perfectamente a tus requerimientos espec\u00edficos. Adem\u00e1s, en MPACK SOLUTIONS, entendemos la importancia de la calidad y la sostenibilidad. Todas nuestras tarimas de madera est\u00e1n fabricadas con materiales de alta calidad y provienen de fuentes sostenibles, asegurando que no solo cumplan con los m\u00e1s altos est\u00e1ndares de durabilidad y resistencia, sino que tambi\u00e9n contribuyan a la protecci\u00f3n del medio ambiente. Si deseas discutir proyectos espec\u00edficos o necesita una cotizaci\u00f3n personalizada, no dudes en contactarnos. Estamos aqu\u00ed para trabajar contigo y proporcionar las soluciones de embalaje que tu negocio merece. En MPACK SOLUTIONS valoramos la comunicaci\u00f3n abierta y efectiva con nuestros clientes. Creemos que una buena relaci\u00f3n comienza con una conversaci\u00f3n, por lo que te invitamos a ponerte en contacto con nosotros hoy mismo. Esperamos poder servirte y ser tu proveedor de confianza para todas tus necesidades de tarimas de madera y embalaje de calidad. \u00a1Esperamos tener noticias tuyas pronto!<\/p>","protected":false},"author":2,"featured_media":0,"parent":0,"menu_order":0,"comment_status":"closed","ping_status":"closed","template":"","meta":{"_joinchat":[],"footnotes":""},"class_list":["post-1037","page","type-page","status-publish","hentry"],"yoast_head":"<!-- This site is optimized with the Yoast SEO plugin v27.5 - https:\/\/yoast.com\/product\/yoast-seo-wordpress\/ -->\n<title>Cont\u00e1ctanos - MPACK SOLUTIONS<\/title>\n<meta name=\"description\" content=\"Cont\u00e1ctanos para darte toda la informaci\u00f3n necesaria y aclarar tus dudas respecto a nuestras tarimas de madera.\" \/>\n<meta name=\"robots\" content=\"index, follow, max-snippet:-1, max-image-preview:large, max-video-preview:-1\" \/>\n<link rel=\"canonical\" href=\"https:\/\/mpack-solutions.com\/en\/contactanos\/\" \/>\n<meta property=\"og:locale\" content=\"en_US\" \/>\n<meta property=\"og:type\" content=\"article\" \/>\n<meta property=\"og:title\" content=\"Cont\u00e1ctanos - MPACK SOLUTIONS\" \/>\n<meta property=\"og:description\" content=\"Cont\u00e1ctanos para darte toda la informaci\u00f3n necesaria y aclarar tus dudas respecto a nuestras tarimas de madera.\" \/>\n<meta property=\"og:url\" content=\"https:\/\/mpack-solutions.com\/en\/contactanos\/\" \/>\n<meta property=\"og:site_name\" content=\"MPACK SOLUTIONS\" \/>\n<meta property=\"article:publisher\" content=\"https:\/\/www.facebook.com\/mpackmx1?mibextid=hu50Ix\" \/>\n<meta property=\"article:modified_time\" content=\"2025-08-24T21:49:38+00:00\" \/>\n<meta name=\"twitter:card\" content=\"summary_large_image\" \/>\n<meta name=\"twitter:label1\" content=\"Est. reading time\" \/>\n\t<meta name=\"twitter:data1\" content=\"2 minutes\" \/>\n<script type=\"application\/ld+json\" class=\"yoast-schema-graph\">{\"@context\":\"https:\\\/\\\/schema.org\",\"@graph\":[{\"@type\":\"WebPage\",\"@id\":\"https:\\\/\\\/mpack-solutions.com\\\/contactanos\\\/\",\"url\":\"https:\\\/\\\/mpack-solutions.com\\\/contactanos\\\/\",\"name\":\"Cont\u00e1ctanos - MPACK SOLUTIONS\",\"isPartOf\":{\"@id\":\"https:\\\/\\\/mpack-solutions.com\\\/#website\"},\"datePublished\":\"2024-01-31T22:36:54+00:00\",\"dateModified\":\"2025-08-24T21:49:38+00:00\",\"description\":\"Cont\u00e1ctanos para darte toda la informaci\u00f3n necesaria y aclarar tus dudas respecto a nuestras tarimas de madera.\",\"breadcrumb\":{\"@id\":\"https:\\\/\\\/mpack-solutions.com\\\/contactanos\\\/#breadcrumb\"},\"inLanguage\":\"en-US\",\"potentialAction\":[{\"@type\":\"ReadAction\",\"target\":[\"https:\\\/\\\/mpack-solutions.com\\\/contactanos\\\/\"]}]},{\"@type\":\"BreadcrumbList\",\"@id\":\"https:\\\/\\\/mpack-solutions.com\\\/contactanos\\\/#breadcrumb\",\"itemListElement\":[{\"@type\":\"ListItem\",\"position\":1,\"name\":\"Portada\",\"item\":\"https:\\\/\\\/mpack-solutions.com\\\/\"},{\"@type\":\"ListItem\",\"position\":2,\"name\":\"Cont\u00e1ctanos\"}]},{\"@type\":\"WebSite\",\"@id\":\"https:\\\/\\\/mpack-solutions.com\\\/#website\",\"url\":\"https:\\\/\\\/mpack-solutions.com\\\/\",\"name\":\"MPACK SOLUTIONS\",\"description\":\"soluciones de empaque, embalaje y protecci\u00f3n a sus productos. Apoyados siempre en la calidad y compromiso.\",\"publisher\":{\"@id\":\"https:\\\/\\\/mpack-solutions.com\\\/#organization\"},\"potentialAction\":[{\"@type\":\"SearchAction\",\"target\":{\"@type\":\"EntryPoint\",\"urlTemplate\":\"https:\\\/\\\/mpack-solutions.com\\\/?s={search_term_string}\"},\"query-input\":{\"@type\":\"PropertyValueSpecification\",\"valueRequired\":true,\"valueName\":\"search_term_string\"}}],\"inLanguage\":\"en-US\"},{\"@type\":\"Organization\",\"@id\":\"https:\\\/\\\/mpack-solutions.com\\\/#organization\",\"name\":\"MPACK SOLUTIONS\",\"url\":\"https:\\\/\\\/mpack-solutions.com\\\/\",\"logo\":{\"@type\":\"ImageObject\",\"inLanguage\":\"en-US\",\"@id\":\"https:\\\/\\\/mpack-solutions.com\\\/#\\\/schema\\\/logo\\\/image\\\/\",\"url\":\"https:\\\/\\\/mpack-solutions.com\\\/wp-content\\\/uploads\\\/2018\\\/06\\\/Logo_Mpack_Horizontal_3-01.png\",\"contentUrl\":\"https:\\\/\\\/mpack-solutions.com\\\/wp-content\\\/uploads\\\/2018\\\/06\\\/Logo_Mpack_Horizontal_3-01.png\",\"width\":3309,\"height\":1182,\"caption\":\"MPACK SOLUTIONS\"},\"image\":{\"@id\":\"https:\\\/\\\/mpack-solutions.com\\\/#\\\/schema\\\/logo\\\/image\\\/\"},\"sameAs\":[\"https:\\\/\\\/www.facebook.com\\\/mpackmx1?mibextid=hu50Ix\"]}]}<\/script>\n<!-- \/ Yoast SEO plugin. -->","yoast_head_json":{"title":"Cont\u00e1ctanos - MPACK SOLUTIONS","description":"Cont\u00e1ctanos para darte toda la informaci\u00f3n necesaria y aclarar tus dudas respecto a nuestras tarimas de madera.","robots":{"index":"index","follow":"follow","max-snippet":"max-snippet:-1","max-image-preview":"max-image-preview:large","max-video-preview":"max-video-preview:-1"},"canonical":"https:\/\/mpack-solutions.com\/en\/contactanos\/","og_locale":"en_US","og_type":"article","og_title":"Cont\u00e1ctanos - MPACK SOLUTIONS","og_description":"Cont\u00e1ctanos para darte toda la informaci\u00f3n necesaria y aclarar tus dudas respecto a nuestras tarimas de madera.","og_url":"https:\/\/mpack-solutions.com\/en\/contactanos\/","og_site_name":"MPACK SOLUTIONS","article_publisher":"https:\/\/www.facebook.com\/mpackmx1?mibextid=hu50Ix","article_modified_time":"2025-08-24T21:49:38+00:00","twitter_card":"summary_large_image","twitter_misc":{"Est. reading time":"2 minutes"},"schema":{"@context":"https:\/\/schema.org","@graph":[{"@type":"WebPage","@id":"https:\/\/mpack-solutions.com\/contactanos\/","url":"https:\/\/mpack-solutions.com\/contactanos\/","name":"Cont\u00e1ctanos - MPACK SOLUTIONS","isPartOf":{"@id":"https:\/\/mpack-solutions.com\/#website"},"datePublished":"2024-01-31T22:36:54+00:00","dateModified":"2025-08-24T21:49:38+00:00","description":"Cont\u00e1ctanos para darte toda la informaci\u00f3n necesaria y aclarar tus dudas respecto a nuestras tarimas de madera.","breadcrumb":{"@id":"https:\/\/mpack-solutions.com\/contactanos\/#breadcrumb"},"inLanguage":"en-US","potentialAction":[{"@type":"ReadAction","target":["https:\/\/mpack-solutions.com\/contactanos\/"]}]},{"@type":"BreadcrumbList","@id":"https:\/\/mpack-solutions.com\/contactanos\/#breadcrumb","itemListElement":[{"@type":"ListItem","position":1,"name":"Portada","item":"https:\/\/mpack-solutions.com\/"},{"@type":"ListItem","position":2,"name":"Cont\u00e1ctanos"}]},{"@type":"WebSite","@id":"https:\/\/mpack-solutions.com\/#website","url":"https:\/\/mpack-solutions.com\/","name":"MPACK SOLUTIONS","description":"soluciones de empaque, embalaje y protecci\u00f3n a sus productos. Apoyados siempre en la calidad y compromiso.","publisher":{"@id":"https:\/\/mpack-solutions.com\/#organization"},"potentialAction":[{"@type":"SearchAction","target":{"@type":"EntryPoint","urlTemplate":"https:\/\/mpack-solutions.com\/?s={search_term_string}"},"query-input":{"@type":"PropertyValueSpecification","valueRequired":true,"valueName":"search_term_string"}}],"inLanguage":"en-US"},{"@type":"Organization","@id":"https:\/\/mpack-solutions.com\/#organization","name":"MPACK SOLUTIONS","url":"https:\/\/mpack-solutions.com\/","logo":{"@type":"ImageObject","inLanguage":"en-US","@id":"https:\/\/mpack-solutions.com\/#\/schema\/logo\/image\/","url":"https:\/\/mpack-solutions.com\/wp-content\/uploads\/2018\/06\/Logo_Mpack_Horizontal_3-01.png","contentUrl":"https:\/\/mpack-solutions.com\/wp-content\/uploads\/2018\/06\/Logo_Mpack_Horizontal_3-01.png","width":3309,"height":1182,"caption":"MPACK SOLUTIONS"},"image":{"@id":"https:\/\/mpack-solutions.com\/#\/schema\/logo\/image\/"},"sameAs":["https:\/\/www.facebook.com\/mpackmx1?mibextid=hu50Ix"]}]}},"_links":{"self":[{"href":"https:\/\/mpack-solutions.com\/en\/wp-json\/wp\/v2\/pages\/1037","targetHints":{"allow":["GET"]}}],"collection":[{"href":"https:\/\/mpack-solutions.com\/en\/wp-json\/wp\/v2\/pages"}],"about":[{"href":"https:\/\/mpack-solutions.com\/en\/wp-json\/wp\/v2\/types\/page"}],"author":[{"embeddable":true,"href":"https:\/\/mpack-solutions.com\/en\/wp-json\/wp\/v2\/users\/2"}],"replies":[{"embeddable":true,"href":"https:\/\/mpack-solutions.com\/en\/wp-json\/wp\/v2\/comments?post=1037"}],"version-history":[{"count":42,"href":"https:\/\/mpack-solutions.com\/en\/wp-json\/wp\/v2\/pages\/1037\/revisions"}],"predecessor-version":[{"id":1782,"href":"https:\/\/mpack-solutions.com\/en\/wp-json\/wp\/v2\/pages\/1037\/revisions\/1782"}],"wp:attachment":[{"href":"https:\/\/mpack-solutions.com\/en\/wp-json\/wp\/v2\/media?parent=1037"}],"curies":[{"name":"wp","href":"https:\/\/api.w.org\/{rel}","templated":true}]}}